{"id":769,"date":"2018-05-18T13:05:46","date_gmt":"2018-05-18T11:05:46","guid":{"rendered":"https:\/\/dhosting.pl\/community\/?page_id=769"},"modified":"2018-05-18T13:05:46","modified_gmt":"2018-05-18T11:05:46","slug":"polityka-prywatnosci-dhosting-pl","status":"publish","type":"page","link":"https:\/\/dhosting.pl\/community\/polityka-prywatnosci-dhosting-pl\/","title":{"rendered":"Polityka prywatno\u015bci dhosting.pl"},"content":{"rendered":"<h2>\u00a71 Postanowienia og\u00f3lne<\/h2>\n<ol>\n<li>Ten dokument stanowi za\u0142\u0105cznik do Regulaminu. Korzystaj\u0105c z us\u0142ug Serwisu Hostingowego, powierzasz nam swoje informacje. Niniejsza Polityka prywatno\u015bci s\u0142u\u017cy jedynie jako pomoc w zrozumieniu, jakie informacje i dane s\u0105 zbierane i w jakim celu oraz do czego je wykorzystujemy. Te dane s\u0105 bardzo dla nas wa\u017cne, dlatego prosimy o dok\u0142adne zapoznanie si\u0119 z tym dokumentem gdy\u017c okre\u015bla on zasady oraz sposoby przetwarzania i ochrony danych osobowych Klient\u00f3w serwisu. Dokument ten okre\u015bla tak\u017ce zasady stosowania plik\u00f3w \u201eCookies\u201d.<\/li>\n<li>Administratorem danych osobowych Klient\u00f3w Serwisu w rozumieniu Ustawy z dnia 29 sierpnia 1997 r. o ochronie danych osobowych jest Serwis.<\/li>\n<li>W\u0142a\u015bciciel Serwisu niniejszym o\u015bwiadcza, \u017ce przestrzega zasad ochrony danych osobowych Klient\u00f3w oraz wszelkich uregulowa\u0144 prawnych, kt\u00f3re s\u0105 przewidziane Ustaw\u0105 z dnia 29 sierpnia 1997 r. o ochronie danych osobowych (t.j. Dz. U. z 2015 r. poz. 2135).<\/li>\n<li>Klient ma prawo zwr\u00f3ci\u0107 si\u0119 do Serwisu celem uzyskania wyczerpuj\u0105cych informacji w jaki spos\u00f3b wykorzystujemy jego dane osobowe. Zawsze w jasny spos\u00f3b staramy si\u0119 poinformowa\u0107 o danych, kt\u00f3re gromadzimy, w jaki spos\u00f3b je wykorzystujemy, jakim celom maj\u0105 s\u0142u\u017cy\u0107 i komu je przekazujemy, jak\u0105 zapewniamy ochron\u0119 tych danych przy przekazaniu innym podmiotom oraz udzielamy informacji o instytucjach z kt\u00f3rymi nale\u017cy si\u0119 skontaktowa\u0107 w razie w\u0105tpliwo\u015bci.<\/li>\n<li>Serwis stosuje \u015brodki techniczne takie jak: \u015brodki ochrony fizycznej danych osobowych, \u015brodki sprz\u0119towe infrastruktury informatycznej i telekomunikacyjnej, \u015brodki ochrony w ramach narz\u0119dzi programowych i baz danych oraz \u015brodki organizacyjne zapewniaj\u0105ce nale\u017cyt\u0105 ochron\u0119 przetwarzanych danych osobowych, a w szczeg\u00f3lno\u015bci zabezpieczaj\u0105 dane osobowe przed udost\u0119pnieniem ich nieupowa\u017cnionym osobom trzecim, uzyskaniem przez osob\u0119 nieupowa\u017cnion\u0105 i wykorzystaniem ich w niewiadomym celu, a tak\u017ce przypadkow\u0105 lub celow\u0105 zmian\u0105, utrat\u0105, uszkodzeniem lub zniszczeniem takich danych.<\/li>\n<li>W\u0142a\u015bciciel Serwisu na zasadach okre\u015blonych w Regulaminie oraz w niniejszym dokumencie posiada wy\u0142\u0105czny dost\u0119p do danych. Dost\u0119p do danych osobowych Klienta mo\u017ce by\u0107 r\u00f3wnie\u017c powierzony innym podmiotom za pomoc\u0105, kt\u00f3rych Klient dokonuje p\u0142atno\u015bci za zakupy w Serwisie, kt\u00f3re gromadz\u0105, przetwarzaj\u0105 i przechowuj\u0105 dane osobowe zgodnie ze swoimi Regulaminami. Dost\u0119p do danych osobowych Klienta jest udzielany w\/w podmiotom w zakresie niezb\u0119dnym i tylko takim, kt\u00f3ry zapewni realizacj\u0119 ich us\u0142ug tak aby Klient m\u00f3g\u0142 zakupi\u0107 i otrzyma\u0107 Us\u0142ug\u0119\/Towar oraz za niego zap\u0142aci\u0107.<\/li>\n<\/ol>\n<h2>\u00a72 Zasady prywatno\u015bci<\/h2>\n<ol>\n<li>Serwis powa\u017cnie traktuje prywatno\u015b\u0107 swoich Klient\u00f3w. Charakteryzuje nas szacunek dla prywatno\u015bci oraz mo\u017cliwie najpe\u0142niejsza i zagwarantowana wygoda z korzystania z naszego Serwisu.<\/li>\n<li>Cenimy zaufanie, jakim obdarzaj\u0105 nas U\u017cytkownicy, powierzaj\u0105c nam swoje dane osobowe w celu realizacji zam\u00f3wienia. Zawsze korzystamy z danych osobowych w spos\u00f3b uczciwy oraz tak, aby nie zawie\u015b\u0107 tego zaufania, tylko w zakresie niezb\u0119dnym do realizacji zam\u00f3wienia w tym jego przetwarzania, op\u0142at, dostarczenia do Klienta.<\/li>\n<li>U\u017cytkownik ma prawo do uzyskania jasnych i pe\u0142nych informacji o tym, w jaki spos\u00f3b wykorzystujemy jego dane osobowe i do jakich cel\u00f3w s\u0105 potrzebne. Zawsze w jasny spos\u00f3b informujemy o danych, kt\u00f3re gromadzimy, w jaki spos\u00f3b i komu je przekazujemy oraz udzielamy informacji o podmiotach, z kt\u00f3rymi nale\u017cy si\u0119 skontaktowa\u0107 w razie w\u0105tpliwo\u015bci, pyta\u0144, uwag.<\/li>\n<li>W razie w\u0105tpliwo\u015bci odno\u015bnie wykorzystywania przez nas danych osobowych Klienta\/U\u017cytkownika, niezw\u0142ocznie podejmiemy dzia\u0142ania w celu wyja\u015bnienia i rozwiania takich w\u0105tpliwo\u015bci, w spos\u00f3b pe\u0142ny i wyczerpuj\u0105cy odpowiadamy na wszystkie pytania z tym zwi\u0105zane.<\/li>\n<li>Podejmiemy wszystkie uzasadnione dzia\u0142ania, aby chroni\u0107 dane U\u017cytkownik\u00f3w przed nienale\u017cytym i niekontrolowanym wykorzystaniem oraz zabezpieczy\u0107 je w spos\u00f3b kompleksowy.<\/li>\n<li>Dok\u0142adamy wszelkich stara\u0144, aby chroni\u0107 Klient\u00f3w przed nieuprawnionym dost\u0119pem, nieautoryzowan\u0105 modyfikacj\u0105, ujawnieniem oraz zniszczeniem informacji znajduj\u0105cych si\u0119 w naszym posiadaniu. W szczeg\u00f3lno\u015bci:\n<ul>\n<li>Kontrolujemy metody gromadzenia, przechowywania i przetwarzania informacji, w tym fizyczne \u015brodki bezpiecze\u0144stwa, aby chroni\u0107 przed nieuprawnionym dost\u0119pem do systemu.<\/li>\n<li>Dost\u0119pu do danych osobowych udzielamy jedynie tym pracownikom, kontrahentom oraz przedstawicielom, kt\u00f3rzy musz\u0105 mie\u0107 do nich dost\u0119p, aby przetwarza\u0107 je na potrzeby Serwisu. Ponadto na mocy umowy s\u0105 oni zobowi\u0105zani do zachowania \u015bcis\u0142ej poufno\u015bci, do umo\u017cliwienia nam kontroli i sprawdzenia jak wywi\u0105zuj\u0105 si\u0119 z powierzonych obowi\u0105zk\u00f3w, a w przypadku niewype\u0142nienia tych zobowi\u0105za\u0144 mog\u0105 ponie\u015b\u0107 konsekwencje.<\/li>\n<\/ul>\n<\/li>\n<li>B\u0119dziemy przestrzega\u0107 wszystkich obowi\u0105zuj\u0105cych przepis\u00f3w i regulacji dotycz\u0105cych ochrony danych i b\u0119dziemy wsp\u00f3\u0142pracowa\u0107 z organami zajmuj\u0105cymi si\u0119 ochron\u0105 danych oraz uprawnionymi do tego organami \u015bcigania. W przypadku braku przepis\u00f3w dotycz\u0105cych ochrony danych, b\u0119dziemy post\u0119powa\u0107 zgodnie z og\u00f3lnie przyj\u0119tymi zasadami ochrony danych, zasadami wsp\u00f3\u0142\u017cycia spo\u0142ecznego jak i ustalonymi zwyczajami.<\/li>\n<li>Dok\u0142adny spos\u00f3b ochrony danych osobowych zosta\u0142 zawarty w polityce ochrony danych osobowych (ODO: polityka bezpiecze\u0144stwa, regulamin ochrony danych osobowych, instrukcja zarz\u0105dzania systemem informatycznym) Z przyczyn bezpiecze\u0144stwa, ze wzgl\u0119du na opisane w niej procedury, jest ona do wgl\u0105du jedynie dla organ\u00f3w kontroli pa\u0144stwowej.<\/li>\n<\/ol>\n<h2>\u00a73 Zakres i cel zbierania danych osobowych Klient\u00f3w<\/h2>\n<ol>\n<li>Serwis przetwarza niezb\u0119dne dane osobowe Klient\u00f3w w celu realizacji us\u0142ug dost\u0119pnych w Serwisie oraz w celach ksi\u0119gowych i tylko takich tj.:\n<ul>\n<li>w celu z\u0142o\u017cenia zam\u00f3wienia w Serwisie,<\/li>\n<li>w celu zawarcia umowy, reklamacji oraz odst\u0105pienia od umowy,<\/li>\n<li>wystawienia faktury VAT lub innego paragonu.<\/li>\n<\/ul>\n<\/li>\n<li>Serwis zbiera oraz przetwarza i przechowuje nst\u0119puj\u0105ce dane u\u017cytkownik\u00f3w:\n<ul>\n<li>imi\u0119 i nazwisko;<\/li>\n<li>adres zamieszkania;<\/li>\n<li>adres do dor\u0119cze\u0144 (je\u015bli jest inny ni\u017c adres zamieszkania);<\/li>\n<li>numer identyfikacji podatkowej (NIP) lub PESEL;<\/li>\n<li>adres poczty elektronicznej (e-mail);<\/li>\n<li>numer telefonu (kom\u00f3rkowy, stacjonarny);<\/li>\n<li>dat\u0119 urodzenia;<\/li>\n<li>informacje o u\u017cywanej przegl\u0105darce internetowej;<\/li>\n<li>inne dobrowolne przekazane nam dane osobowe.<\/li>\n<\/ul>\n<\/li>\n<li>Serwis o\u015bwiadcza, \u017ce podanie powy\u017cszych danych przez Klienta jest ca\u0142kowicie dobrowolne ale tak\u017ce i niezb\u0119dne do pe\u0142nej realizacji us\u0142ug.<\/li>\n<\/ol>\n<h2>\u00a74 Polityka &#8220;Cookies&#8221;<\/h2>\n<ol>\n<li>Serwis zbiera w spos\u00f3b automatyczny informacje zawarte w plikach cookies w celu gromadzenia danych zwi\u0105zanych z korzystaniem z Serwisu przez Klienta\/U\u017cytkownika. Plik Cookies to ma\u0142y fragment tekstu, kt\u00f3ry serwis internetowy wysy\u0142a do przegl\u0105darki Klienta i kt\u00f3ry przegl\u0105darka wysy\u0142a z powrotem przy nast\u0119pnych wej\u015bciach na witryn\u0119. U\u017cywane s\u0105 g\u0142\u00f3wnie do utrzymywania sesji np. poprzez wygenerowanie i odes\u0142anie tymczasowego identyfikatora po logowaniu. Serwis wykorzystuje pliki Cookies \u201esesyjne\u201d przechowywane na urz\u0105dzeniu ko\u0144cowym Klienta do czasu jego wylogowania, wy\u0142\u0105czenia strony internetowej lub wy\u0142\u0105czenia przegl\u0105darki internetowej oraz pliki Cookies \u201esta\u0142e\u201d przechowywane na urz\u0105dzeniu ko\u0144cowym Klienta przez czas okre\u015blony w parametrach plik\u00f3w Cookies lub do czasu ich usuni\u0119cia przez Klienta.<\/li>\n<li>Pliki Cookies dostosowuj\u0105 i optymalizuj\u0105 Serwis i jego oferty dla potrzeb Klient\u00f3w poprzez takie dzia\u0142ania jak tworzenie statystyk ods\u0142on Serwisu oraz zapewnienie bezpiecze\u0144stwa Serwisu. Pliki Cookies niezb\u0119dne s\u0105 r\u00f3wnie\u017c do utrzymania sesji Klienta po opuszczeniu przez niego strony internetowej, to one umo\u017cliwiaj\u0105 mu powr\u00f3t do zawarto\u015bci koszyka bez utraty jego parametr\u00f3w, co wi\u0105za\u0142o by si\u0119 z ponown\u0105 konieczno\u015bci\u0105 wyboru Towar\u00f3w.<\/li>\n<li>Administrator\/Serwis przetwarza dane zawarte w plikach Cookies za ka\u017cdym razem gdy strona jest odwiedzana przez odwiedzaj\u0105cych w nast\u0119puj\u0105cych celach:\n<ul>\n<li>optymalizacji korzystania ze stron Serwisu;<\/li>\n<li>identyfikacji Us\u0142ugobiorc\u00f3w jako w danej chwili zalogowanych w Serwisie i pokazywania;<\/li>\n<li>przystosowania, grafiki, opcji wyboru oraz wszelkiej innej zawarto\u015bci strony Serwisu do indywidualnych preferencji Us\u0142ugobiorcy;<\/li>\n<li>zapami\u0119tywania uzupe\u0142nianych w spos\u00f3b automatyczny i manualny, zamieszczanych danych z Formularzy Zam\u00f3wienia lub podanych przez odwiedzaj\u0105cego danych logowania do Serwisu;<\/li>\n<li>gromadzenia i analizowania anonimowych statystyk przedstawiaj\u0105cych spos\u00f3b korzystania ze strony Serwisu w panelu administracyjnym, Google Analytics, HotJar oraz Heap Analytics;<\/li>\n<li>tworzenia list remarketingowych na podstawie informacji o preferencjach, zachowaniu, sposobie korzystania zainteresowaniach ze Strony Serwisu oraz zbierania danych demograficznych, a nast\u0119pnie udost\u0119pnianie tych list w Google AdWords oraz Facebook Ads;<\/li>\n<li>zapami\u0119tywania wszystkich Produkt\u00f3w dodanych do koszyka w celu u\u0142atwienia z\u0142o\u017cenia Zam\u00f3wienia;<\/li>\n<li>tworzenia segment\u00f3w danych na podstawie informacji demograficznych, zainteresowa\u0144, upodoba\u0144 w wyborze ogl\u0105danych produkt\u00f3w\/us\u0142ug;<\/li>\n<li>wykorzystywania danych demograficznych i danych o zainteresowaniach w raportach Google Analytics.<\/li>\n<\/ul>\n<\/li>\n<li>Klient w ka\u017cdej chwili za pomoc\u0105 swojej przegl\u0105darki internetowej mo\u017ce ca\u0142kowicie zablokowa\u0107 i skasowa\u0107 gromadzenie plik\u00f3w Cookies.<\/li>\n<li>Zablokowanie przez Klienta mo\u017cliwo\u015bci gromadzenia plik\u00f3w Cookies na jego urz\u0105dzeniu mo\u017ce utrudni\u0107 lub uniemo\u017cliwi\u0107 Klientowi korzystanie z niekt\u00f3rych funkcjonalno\u015bci Serwisu do czego Klient jest w pe\u0142ni uprawniony ale musi w takiej sytuacji mie\u0107 \u015bwiadomo\u015b\u0107 z ogranicze\u0144 funkcjonalno\u015bci Serwisu.<\/li>\n<li>U\u017cytkownik, kt\u00f3ry nie chce wykorzystywania plik\u00f3w \u201ecookies\u201d w opisanym powy\u017cej celu w ka\u017cdej chwili mo\u017ce usun\u0105\u0107 je r\u0119cznie. Do zapoznania si\u0119 ze szczeg\u00f3\u0142ow\u0105 instrukcj\u0105 post\u0119powania nale\u017cy odwiedzi\u0107 stron\u0119 internetow\u0105 producenta u\u017cywanej przegl\u0105darki internetowej z kt\u00f3rej aktualnie korzysta Klient.<\/li>\n<li>Wi\u0119cej informacji na temat Cookies dost\u0119pnych jest w menu pomocy ka\u017cdej przegl\u0105darki internetowej. Przyk\u0142adowe przegl\u0105darki internetowe obs\u0142uguj\u0105ce wspomniane pliki \u201eCookies\u201d:\n<ul>\n<li>Ustawienia plik\u00f3w cookies <a href=\"https:\/\/support.microsoft.com\/pl-pl\/help\/278835\/how-to-delete-cookie-files-in-internet-explorer\">Internet Explorer<\/a><\/li>\n<li>Ustawienia plik\u00f3w cookies <a href=\"https:\/\/support.google.com\/chrome\/answer\/95647?hl=pl\">Chrome<\/a><\/li>\n<li>Ustawienia plik\u00f3w cookies <a href=\"https:\/\/support.mozilla.org\/pl\/kb\/W%C5%82%C4%85czanie%20i%20wy%C5%82%C4%85czanie%20obs%C5%82ugi%20ciasteczek\">Firefox<\/a><\/li>\n<li>Ustawienia plik\u00f3w cookies <a href=\"http:\/\/help.opera.com\/Windows\/12.10\/pl\/cookies.html\">Opera<\/a><\/li>\n<li>Ustawienia plik\u00f3w cookies <a href=\"https:\/\/support.apple.com\/kb\/PH5042?locale=en_US\">Safari<\/a><\/li>\n<li>Pliki cookies w <a href=\"https:\/\/support.google.com\/chrome\/answer\/95647?hl=pl\">Android<\/a><\/li>\n<li>Pliki cookies w <a href=\"https:\/\/help.blackberry.com\/pl\/blackberry-classic\/10.3.1\/help\/mwa1334238823957.html\">Blackberry<\/a><\/li>\n<li>Pliki cookies w <a href=\"https:\/\/support.apple.com\/pl-pl\/HT201265\">iOS (Safari)<\/a><\/li>\n<li>Pliki cookies w <a href=\"https:\/\/support.microsoft.com\/pl-pl\/help\/11696\/windows-phone-7\">Windows Phone<\/a><\/li>\n<\/ul>\n<\/li>\n<\/ol>\n<h2>\u00a75 Prawa i obowi\u0105zki<\/h2>\n<ol>\n<li>Serwis ma prawo a w przypadkach prawem okre\u015blonych tak\u017ce i ustawowy obowi\u0105zek do przekazania wybranych b\u0105d\u017a wszystkich informacji dotycz\u0105cych Klient\u00f3w Serwisu organom w\u0142adzy publicznej b\u0105d\u017a osobom trzecim, kt\u00f3re zg\u0142osz\u0105 takie \u017c\u0105danie udzielenia informacji na podstawie obowi\u0105zuj\u0105cych przepis\u00f3w prawa polskiego.<\/li>\n<li>Klient ma prawo dost\u0119pu do tre\u015bci swoich danych osobowych, kt\u00f3re udost\u0119pnia Serwisowi, Klient mo\u017ce te dane poprawia\u0107, uzupe\u0142nia\u0107 w ka\u017cdym czasie, a tak\u017ce ma prawo do \u017c\u0105dania aby Serwis je usun\u0105\u0142 ze swoich baz danych b\u0105d\u017a zaprzesta\u0142 je przetwarza\u0107, bez podawania jakiekolwiek przyczyny. W celu realizacji swoich praw Klient mo\u017ce w ka\u017cdym czasie przes\u0142a\u0107 stosowan\u0105 wiadomo\u015b\u0107 na adres siedziby Serwisu lub adres poczty elektronicznej b\u0105d\u017a w inny spos\u00f3b, kt\u00f3ry dostarczy\/przeka\u017ce takie \u017c\u0105danie do Serwisu.<\/li>\n<li>\u017b\u0105danie ze strony Klienta usuni\u0119cia danych osobowych lub zaprzestania ich przetwarzania przez Serwis mo\u017ce skutkowa\u0107 ca\u0142kowitym brakiem mo\u017cliwo\u015bci realizacji us\u0142ug przez W\u0142a\u015bciciela Serwisu b\u0105d\u017a ich powa\u017cnym ograniczeniem.<\/li>\n<li>Serwis zobowi\u0105zuje si\u0119 post\u0119powa\u0107 zgodnie z obowi\u0105zuj\u0105cymi przepisami prawa i zasadami wsp\u00f3\u0142\u017cycia spo\u0142ecznego.<\/li>\n<\/ol>\n","protected":false},"excerpt":{"rendered":"<p>\u00a71 Postanowienia og\u00f3lne Ten dokument stanowi za\u0142\u0105cznik do Regulaminu. Korzystaj\u0105c z us\u0142ug Serwisu Hostingowego, powierzasz nam swoje informacje. Niniejsza Polityka prywatno\u015bci s\u0142u\u017cy jedynie jako pomoc w zrozumieniu, jakie informacje i dane s\u0105 zbierane i w jakim celu oraz do czego je wykorzystujemy. Te dane s\u0105 bardzo dla nas wa\u017cne, dlatego prosimy o dok\u0142adne zapoznanie si\u0119 [&hellip;]<\/p>\n","protected":false},"author":1,"featured_media":0,"parent":0,"menu_order":0,"comment_status":"closed","ping_status":"closed","template":"","meta":{"footnotes":""},"yoast_head":"<!-- This site is optimized with the Yoast SEO plugin v24.5 - https:\/\/yoast.com\/wordpress\/plugins\/seo\/ -->\n<title>Polityka prywatno\u015bci dhosting.pl | dhosting.pl Community<\/title>\n<meta name=\"robots\" content=\"index, follow, max-snippet:-1, max-image-preview:large, max-video-preview:-1\" \/>\n<link rel=\"canonical\" href=\"https:\/\/dhosting.pl\/community\/polityka-prywatnosci-dhosting-pl\/\" \/>\n<meta property=\"og:locale\" content=\"pl_PL\" \/>\n<meta property=\"og:type\" content=\"article\" \/>\n<meta property=\"og:title\" content=\"Polityka prywatno\u015bci dhosting.pl | dhosting.pl Community\" \/>\n<meta property=\"og:description\" content=\"\u00a71 Postanowienia og\u00f3lne Ten dokument stanowi za\u0142\u0105cznik do Regulaminu. Korzystaj\u0105c z us\u0142ug Serwisu Hostingowego, powierzasz nam swoje informacje. Niniejsza Polityka prywatno\u015bci s\u0142u\u017cy jedynie jako pomoc w zrozumieniu, jakie informacje i dane s\u0105 zbierane i w jakim celu oraz do czego je wykorzystujemy. Te dane s\u0105 bardzo dla nas wa\u017cne, dlatego prosimy o dok\u0142adne zapoznanie si\u0119 [&hellip;]\" \/>\n<meta property=\"og:url\" content=\"https:\/\/dhosting.pl\/community\/polityka-prywatnosci-dhosting-pl\/\" \/>\n<meta property=\"og:site_name\" content=\"dhosting.pl Community\" \/>\n<meta property=\"article:publisher\" content=\"https:\/\/www.facebook.com\/dhostingpl\/\" \/>\n<meta name=\"twitter:card\" content=\"summary_large_image\" \/>\n<meta name=\"twitter:site\" content=\"@dhosting_pl\" \/>\n<meta name=\"twitter:label1\" content=\"Szacowany czas czytania\" \/>\n\t<meta name=\"twitter:data1\" content=\"9 minut\" \/>\n<script type=\"application\/ld+json\" class=\"yoast-schema-graph\">{\"@context\":\"https:\/\/schema.org\",\"@graph\":[{\"@type\":\"WebPage\",\"@id\":\"https:\/\/dhosting.pl\/community\/polityka-prywatnosci-dhosting-pl\/\",\"url\":\"https:\/\/dhosting.pl\/community\/polityka-prywatnosci-dhosting-pl\/\",\"name\":\"Polityka prywatno\u015bci dhosting.pl | dhosting.pl Community\",\"isPartOf\":{\"@id\":\"https:\/\/dhosting.pl\/community\/#website\"},\"datePublished\":\"2018-05-18T11:05:46+00:00\",\"breadcrumb\":{\"@id\":\"https:\/\/dhosting.pl\/community\/polityka-prywatnosci-dhosting-pl\/#breadcrumb\"},\"inLanguage\":\"pl-PL\",\"potentialAction\":[{\"@type\":\"ReadAction\",\"target\":[\"https:\/\/dhosting.pl\/community\/polityka-prywatnosci-dhosting-pl\/\"]}]},{\"@type\":\"BreadcrumbList\",\"@id\":\"https:\/\/dhosting.pl\/community\/polityka-prywatnosci-dhosting-pl\/#breadcrumb\",\"itemListElement\":[{\"@type\":\"ListItem\",\"position\":1,\"name\":\"Strona g\u0142\u00f3wna\",\"item\":\"https:\/\/dhosting.pl\/community\/\"},{\"@type\":\"ListItem\",\"position\":2,\"name\":\"Polityka prywatno\u015bci dhosting.pl\"}]},{\"@type\":\"WebSite\",\"@id\":\"https:\/\/dhosting.pl\/community\/#website\",\"url\":\"https:\/\/dhosting.pl\/community\/\",\"name\":\"dhosting.pl Community\",\"description\":\"Blog oraz spo\u0142eczno\u015b\u0107 dhosting.pl.\",\"publisher\":{\"@id\":\"https:\/\/dhosting.pl\/community\/#organization\"},\"potentialAction\":[{\"@type\":\"SearchAction\",\"target\":{\"@type\":\"EntryPoint\",\"urlTemplate\":\"https:\/\/dhosting.pl\/community\/?s={search_term_string}\"},\"query-input\":{\"@type\":\"PropertyValueSpecification\",\"valueRequired\":true,\"valueName\":\"search_term_string\"}}],\"inLanguage\":\"pl-PL\"},{\"@type\":\"Organization\",\"@id\":\"https:\/\/dhosting.pl\/community\/#organization\",\"name\":\"dhosting.pl Sp. z o.o.\",\"url\":\"https:\/\/dhosting.pl\/community\/\",\"logo\":{\"@type\":\"ImageObject\",\"inLanguage\":\"pl-PL\",\"@id\":\"https:\/\/dhosting.pl\/community\/#\/schema\/logo\/image\/\",\"url\":\"https:\/\/dhosting.pl\/community\/wp-content\/uploads\/2019\/10\/32x32@1x.png\",\"contentUrl\":\"https:\/\/dhosting.pl\/community\/wp-content\/uploads\/2019\/10\/32x32@1x.png\",\"width\":32,\"height\":32,\"caption\":\"dhosting.pl Sp. z o.o.\"},\"image\":{\"@id\":\"https:\/\/dhosting.pl\/community\/#\/schema\/logo\/image\/\"},\"sameAs\":[\"https:\/\/www.facebook.com\/dhostingpl\/\",\"https:\/\/x.com\/dhosting_pl\"]}]}<\/script>\n<!-- \/ Yoast SEO plugin. -->","yoast_head_json":{"title":"Polityka prywatno\u015bci dhosting.pl | dhosting.pl Community","robots":{"index":"index","follow":"follow","max-snippet":"max-snippet:-1","max-image-preview":"max-image-preview:large","max-video-preview":"max-video-preview:-1"},"canonical":"https:\/\/dhosting.pl\/community\/polityka-prywatnosci-dhosting-pl\/","og_locale":"pl_PL","og_type":"article","og_title":"Polityka prywatno\u015bci dhosting.pl | dhosting.pl Community","og_description":"\u00a71 Postanowienia og\u00f3lne Ten dokument stanowi za\u0142\u0105cznik do Regulaminu. Korzystaj\u0105c z us\u0142ug Serwisu Hostingowego, powierzasz nam swoje informacje. Niniejsza Polityka prywatno\u015bci s\u0142u\u017cy jedynie jako pomoc w zrozumieniu, jakie informacje i dane s\u0105 zbierane i w jakim celu oraz do czego je wykorzystujemy. Te dane s\u0105 bardzo dla nas wa\u017cne, dlatego prosimy o dok\u0142adne zapoznanie si\u0119 [&hellip;]","og_url":"https:\/\/dhosting.pl\/community\/polityka-prywatnosci-dhosting-pl\/","og_site_name":"dhosting.pl Community","article_publisher":"https:\/\/www.facebook.com\/dhostingpl\/","twitter_card":"summary_large_image","twitter_site":"@dhosting_pl","twitter_misc":{"Szacowany czas czytania":"9 minut"},"schema":{"@context":"https:\/\/schema.org","@graph":[{"@type":"WebPage","@id":"https:\/\/dhosting.pl\/community\/polityka-prywatnosci-dhosting-pl\/","url":"https:\/\/dhosting.pl\/community\/polityka-prywatnosci-dhosting-pl\/","name":"Polityka prywatno\u015bci dhosting.pl | dhosting.pl Community","isPartOf":{"@id":"https:\/\/dhosting.pl\/community\/#website"},"datePublished":"2018-05-18T11:05:46+00:00","breadcrumb":{"@id":"https:\/\/dhosting.pl\/community\/polityka-prywatnosci-dhosting-pl\/#breadcrumb"},"inLanguage":"pl-PL","potentialAction":[{"@type":"ReadAction","target":["https:\/\/dhosting.pl\/community\/polityka-prywatnosci-dhosting-pl\/"]}]},{"@type":"BreadcrumbList","@id":"https:\/\/dhosting.pl\/community\/polityka-prywatnosci-dhosting-pl\/#breadcrumb","itemListElement":[{"@type":"ListItem","position":1,"name":"Strona g\u0142\u00f3wna","item":"https:\/\/dhosting.pl\/community\/"},{"@type":"ListItem","position":2,"name":"Polityka prywatno\u015bci dhosting.pl"}]},{"@type":"WebSite","@id":"https:\/\/dhosting.pl\/community\/#website","url":"https:\/\/dhosting.pl\/community\/","name":"dhosting.pl Community","description":"Blog oraz spo\u0142eczno\u015b\u0107 dhosting.pl.","publisher":{"@id":"https:\/\/dhosting.pl\/community\/#organization"},"potentialAction":[{"@type":"SearchAction","target":{"@type":"EntryPoint","urlTemplate":"https:\/\/dhosting.pl\/community\/?s={search_term_string}"},"query-input":{"@type":"PropertyValueSpecification","valueRequired":true,"valueName":"search_term_string"}}],"inLanguage":"pl-PL"},{"@type":"Organization","@id":"https:\/\/dhosting.pl\/community\/#organization","name":"dhosting.pl Sp. z o.o.","url":"https:\/\/dhosting.pl\/community\/","logo":{"@type":"ImageObject","inLanguage":"pl-PL","@id":"https:\/\/dhosting.pl\/community\/#\/schema\/logo\/image\/","url":"https:\/\/dhosting.pl\/community\/wp-content\/uploads\/2019\/10\/32x32@1x.png","contentUrl":"https:\/\/dhosting.pl\/community\/wp-content\/uploads\/2019\/10\/32x32@1x.png","width":32,"height":32,"caption":"dhosting.pl Sp. z o.o."},"image":{"@id":"https:\/\/dhosting.pl\/community\/#\/schema\/logo\/image\/"},"sameAs":["https:\/\/www.facebook.com\/dhostingpl\/","https:\/\/x.com\/dhosting_pl"]}]}},"_links":{"self":[{"href":"https:\/\/dhosting.pl\/community\/wp-json\/wp\/v2\/pages\/769"}],"collection":[{"href":"https:\/\/dhosting.pl\/community\/wp-json\/wp\/v2\/pages"}],"about":[{"href":"https:\/\/dhosting.pl\/community\/wp-json\/wp\/v2\/types\/page"}],"author":[{"embeddable":true,"href":"https:\/\/dhosting.pl\/community\/wp-json\/wp\/v2\/users\/1"}],"replies":[{"embeddable":true,"href":"https:\/\/dhosting.pl\/community\/wp-json\/wp\/v2\/comments?post=769"}],"version-history":[{"count":5,"href":"https:\/\/dhosting.pl\/community\/wp-json\/wp\/v2\/pages\/769\/revisions"}],"predecessor-version":[{"id":774,"href":"https:\/\/dhosting.pl\/community\/wp-json\/wp\/v2\/pages\/769\/revisions\/774"}],"wp:attachment":[{"href":"https:\/\/dhosting.pl\/community\/wp-json\/wp\/v2\/media?parent=769"}],"curies":[{"name":"wp","href":"https:\/\/api.w.org\/{rel}","templated":true}]}}