{"id":1353,"date":"2019-09-27T10:59:45","date_gmt":"2019-09-27T08:59:45","guid":{"rendered":"https:\/\/dhosting.pl\/community\/questions\/ask\/"},"modified":"2019-10-22T16:25:46","modified_gmt":"2019-10-22T14:25:46","slug":"dodaj","status":"publish","type":"page","link":"https:\/\/dhosting.pl\/community\/projekty\/dodaj\/","title":{"rendered":"Dodaj ambitny projekt"},"content":{"rendered":"<div id=\"anspress\" class=\"anspress\"><div id=\"ap-ask-page\" class=\"clearfix\">\n\t\n\t\n\t<div class=\"ap-login\">\n\t\t\n\t\t<div class=\"ap-login-buttons\">\n\t\t\t<a href=\"https:\/\/dhosting.pl\/community\/wp-login.php?action=register\">Register<\/a>\n\t\t\t<span class=\"ap-login-sep\">lub<\/span>\n\t\t\t<a href=\"https:\/\/dhosting.pl\/community\/wp-login.php?redirect_to=https%3A%2F%2Fdhosting.pl%2Fcommunity%2Fprojekty%2Fdodaj%2F\">Logowanie<\/a>\n\t\t<\/div>\n\t<\/div>\n\n<\/div>\n<\/div>\n","protected":false},"excerpt":{"rendered":"","protected":false},"author":1,"featured_media":0,"parent":1352,"menu_order":0,"comment_status":"closed","ping_status":"closed","template":"","meta":{"footnotes":""},"yoast_head":"<!-- This site is optimized with the Yoast SEO plugin v24.5 - https:\/\/yoast.com\/wordpress\/plugins\/seo\/ -->\n<title>Dodaj ambitny projekt | dhosting.pl Community<\/title>\n<meta name=\"robots\" content=\"index, follow, max-snippet:-1, max-image-preview:large, max-video-preview:-1\" \/>\n<link rel=\"canonical\" href=\"https:\/\/dhosting.pl\/community\/projekty\/dodaj\/\" \/>\n<meta property=\"og:locale\" content=\"pl_PL\" \/>\n<meta property=\"og:type\" content=\"article\" \/>\n<meta property=\"og:title\" content=\"Dodaj ambitny projekt | dhosting.pl Community\" \/>\n<meta property=\"og:url\" content=\"https:\/\/dhosting.pl\/community\/projekty\/dodaj\/\" \/>\n<meta property=\"og:site_name\" content=\"dhosting.pl Community\" \/>\n<meta property=\"article:publisher\" content=\"https:\/\/www.facebook.com\/dhostingpl\/\" \/>\n<meta property=\"article:modified_time\" content=\"2019-10-22T14:25:46+00:00\" \/>\n<meta name=\"twitter:card\" content=\"summary_large_image\" \/>\n<meta name=\"twitter:site\" content=\"@dhosting_pl\" \/>\n<script type=\"application\/ld+json\" class=\"yoast-schema-graph\">{\"@context\":\"https:\/\/schema.org\",\"@graph\":[{\"@type\":\"WebPage\",\"@id\":\"https:\/\/dhosting.pl\/community\/projekty\/dodaj\/\",\"url\":\"https:\/\/dhosting.pl\/community\/projekty\/dodaj\/\",\"name\":\"Dodaj ambitny projekt | dhosting.pl Community\",\"isPartOf\":{\"@id\":\"https:\/\/dhosting.pl\/community\/#website\"},\"datePublished\":\"2019-09-27T08:59:45+00:00\",\"dateModified\":\"2019-10-22T14:25:46+00:00\",\"breadcrumb\":{\"@id\":\"https:\/\/dhosting.pl\/community\/projekty\/dodaj\/#breadcrumb\"},\"inLanguage\":\"pl-PL\",\"potentialAction\":[{\"@type\":\"ReadAction\",\"target\":[\"https:\/\/dhosting.pl\/community\/projekty\/dodaj\/\"]}]},{\"@type\":\"BreadcrumbList\",\"@id\":\"https:\/\/dhosting.pl\/community\/projekty\/dodaj\/#breadcrumb\",\"itemListElement\":[{\"@type\":\"ListItem\",\"position\":1,\"name\":\"Strona g\u0142\u00f3wna\",\"item\":\"https:\/\/dhosting.pl\/community\/\"},{\"@type\":\"ListItem\",\"position\":2,\"name\":\"Projekty\",\"item\":\"https:\/\/dhosting.pl\/community\/projekty\/\"},{\"@type\":\"ListItem\",\"position\":3,\"name\":\"Dodaj ambitny projekt\"}]},{\"@type\":\"WebSite\",\"@id\":\"https:\/\/dhosting.pl\/community\/#website\",\"url\":\"https:\/\/dhosting.pl\/community\/\",\"name\":\"dhosting.pl Community\",\"description\":\"Blog oraz spo\u0142eczno\u015b\u0107 dhosting.pl.\",\"publisher\":{\"@id\":\"https:\/\/dhosting.pl\/community\/#organization\"},\"potentialAction\":[{\"@type\":\"SearchAction\",\"target\":{\"@type\":\"EntryPoint\",\"urlTemplate\":\"https:\/\/dhosting.pl\/community\/?s={search_term_string}\"},\"query-input\":{\"@type\":\"PropertyValueSpecification\",\"valueRequired\":true,\"valueName\":\"search_term_string\"}}],\"inLanguage\":\"pl-PL\"},{\"@type\":\"Organization\",\"@id\":\"https:\/\/dhosting.pl\/community\/#organization\",\"name\":\"dhosting.pl Sp. z o.o.\",\"url\":\"https:\/\/dhosting.pl\/community\/\",\"logo\":{\"@type\":\"ImageObject\",\"inLanguage\":\"pl-PL\",\"@id\":\"https:\/\/dhosting.pl\/community\/#\/schema\/logo\/image\/\",\"url\":\"https:\/\/dhosting.pl\/community\/wp-content\/uploads\/2019\/10\/32x32@1x.png\",\"contentUrl\":\"https:\/\/dhosting.pl\/community\/wp-content\/uploads\/2019\/10\/32x32@1x.png\",\"width\":32,\"height\":32,\"caption\":\"dhosting.pl Sp. z o.o.\"},\"image\":{\"@id\":\"https:\/\/dhosting.pl\/community\/#\/schema\/logo\/image\/\"},\"sameAs\":[\"https:\/\/www.facebook.com\/dhostingpl\/\",\"https:\/\/x.com\/dhosting_pl\"]}]}<\/script>\n<!-- \/ Yoast SEO plugin. -->","yoast_head_json":{"title":"Dodaj ambitny projekt | dhosting.pl Community","robots":{"index":"index","follow":"follow","max-snippet":"max-snippet:-1","max-image-preview":"max-image-preview:large","max-video-preview":"max-video-preview:-1"},"canonical":"https:\/\/dhosting.pl\/community\/projekty\/dodaj\/","og_locale":"pl_PL","og_type":"article","og_title":"Dodaj ambitny projekt | dhosting.pl Community","og_url":"https:\/\/dhosting.pl\/community\/projekty\/dodaj\/","og_site_name":"dhosting.pl Community","article_publisher":"https:\/\/www.facebook.com\/dhostingpl\/","article_modified_time":"2019-10-22T14:25:46+00:00","twitter_card":"summary_large_image","twitter_site":"@dhosting_pl","schema":{"@context":"https:\/\/schema.org","@graph":[{"@type":"WebPage","@id":"https:\/\/dhosting.pl\/community\/projekty\/dodaj\/","url":"https:\/\/dhosting.pl\/community\/projekty\/dodaj\/","name":"Dodaj ambitny projekt | dhosting.pl Community","isPartOf":{"@id":"https:\/\/dhosting.pl\/community\/#website"},"datePublished":"2019-09-27T08:59:45+00:00","dateModified":"2019-10-22T14:25:46+00:00","breadcrumb":{"@id":"https:\/\/dhosting.pl\/community\/projekty\/dodaj\/#breadcrumb"},"inLanguage":"pl-PL","potentialAction":[{"@type":"ReadAction","target":["https:\/\/dhosting.pl\/community\/projekty\/dodaj\/"]}]},{"@type":"BreadcrumbList","@id":"https:\/\/dhosting.pl\/community\/projekty\/dodaj\/#breadcrumb","itemListElement":[{"@type":"ListItem","position":1,"name":"Strona g\u0142\u00f3wna","item":"https:\/\/dhosting.pl\/community\/"},{"@type":"ListItem","position":2,"name":"Projekty","item":"https:\/\/dhosting.pl\/community\/projekty\/"},{"@type":"ListItem","position":3,"name":"Dodaj ambitny projekt"}]},{"@type":"WebSite","@id":"https:\/\/dhosting.pl\/community\/#website","url":"https:\/\/dhosting.pl\/community\/","name":"dhosting.pl Community","description":"Blog oraz spo\u0142eczno\u015b\u0107 dhosting.pl.","publisher":{"@id":"https:\/\/dhosting.pl\/community\/#organization"},"potentialAction":[{"@type":"SearchAction","target":{"@type":"EntryPoint","urlTemplate":"https:\/\/dhosting.pl\/community\/?s={search_term_string}"},"query-input":{"@type":"PropertyValueSpecification","valueRequired":true,"valueName":"search_term_string"}}],"inLanguage":"pl-PL"},{"@type":"Organization","@id":"https:\/\/dhosting.pl\/community\/#organization","name":"dhosting.pl Sp. z o.o.","url":"https:\/\/dhosting.pl\/community\/","logo":{"@type":"ImageObject","inLanguage":"pl-PL","@id":"https:\/\/dhosting.pl\/community\/#\/schema\/logo\/image\/","url":"https:\/\/dhosting.pl\/community\/wp-content\/uploads\/2019\/10\/32x32@1x.png","contentUrl":"https:\/\/dhosting.pl\/community\/wp-content\/uploads\/2019\/10\/32x32@1x.png","width":32,"height":32,"caption":"dhosting.pl Sp. z o.o."},"image":{"@id":"https:\/\/dhosting.pl\/community\/#\/schema\/logo\/image\/"},"sameAs":["https:\/\/www.facebook.com\/dhostingpl\/","https:\/\/x.com\/dhosting_pl"]}]}},"_links":{"self":[{"href":"https:\/\/dhosting.pl\/community\/wp-json\/wp\/v2\/pages\/1353"}],"collection":[{"href":"https:\/\/dhosting.pl\/community\/wp-json\/wp\/v2\/pages"}],"about":[{"href":"https:\/\/dhosting.pl\/community\/wp-json\/wp\/v2\/types\/page"}],"author":[{"embeddable":true,"href":"https:\/\/dhosting.pl\/community\/wp-json\/wp\/v2\/users\/1"}],"replies":[{"embeddable":true,"href":"https:\/\/dhosting.pl\/community\/wp-json\/wp\/v2\/comments?post=1353"}],"version-history":[{"count":3,"href":"https:\/\/dhosting.pl\/community\/wp-json\/wp\/v2\/pages\/1353\/revisions"}],"predecessor-version":[{"id":1424,"href":"https:\/\/dhosting.pl\/community\/wp-json\/wp\/v2\/pages\/1353\/revisions\/1424"}],"up":[{"embeddable":true,"href":"https:\/\/dhosting.pl\/community\/wp-json\/wp\/v2\/pages\/1352"}],"wp:attachment":[{"href":"https:\/\/dhosting.pl\/community\/wp-json\/wp\/v2\/media?parent=1353"}],"curies":[{"name":"wp","href":"https:\/\/api.w.org\/{rel}","templated":true}]}}